{"id":3819,"date":"2015-07-29T05:46:32","date_gmt":"2015-07-29T05:46:32","guid":{"rendered":"https:\/\/backhaus.sdhost.eu\/onepage-image\/"},"modified":"2024-07-12T09:51:47","modified_gmt":"2024-07-12T09:51:47","slug":"onepage-image","status":"publish","type":"page","link":"https:\/\/backhaus.ee\/et\/","title":{"rendered":"OnePage &#8211; Image"},"content":{"rendered":"<p>[vc_row cth_layout=&#8221;hero_sec&#8221; el_id=&#8221;sec1&#8243;][vc_column css=&#8221;.vc_custom_1435153023515{padding-right: 0px !important;padding-left: 0px !important;}&#8221;][domik_home_image bgimg=&#8221;3372&#8243;]JTNDZGl2JTIwY2xhc3MlM0QlMjJoZXJvLXRpdGxlLWhvbGRlciUyMiUzRSUwQSUyMCUyMCUyMCUyMCUzQ2RpdiUyMGNsYXNzJTNEJTIyb3ZlcmxheSUyMiUzRSUzQyUyRmRpdiUzRSUwQSUyMCUyMCUyMCUyMCUzQ2RpdiUyMGNsYXNzJTNEJTIyaGVyby10aXRsZSUyMiUzRSUwQSUyMCUyMCUyMCUyMCUyMCUyMCUyMCUyMCUzQ2RpdiUyMGNsYXNzJTNEJTIyaGVyby1kZWNvciUyMGItZGVjJTIyJTNFJTBBJTIwJTIwJTIwJTIwJTIwJTIwJTIwJTIwJTIwJTIwJTIwJTIwJTNDZGl2JTIwY2xhc3MlM0QlMjJoYWxmLWNpcmNsZSUyMiUzRSUzQyUyRmRpdiUzRSUwQSUyMCUyMCUyMCUyMCUyMCUyMCUyMCUyMCUzQyUyRmRpdiUzRSUwQSUyMCUyMCUyMCUyMCUyMCUyMCUyMCUyMCUzQ2RpdiUyMGNsYXNzJTNEJTIyc2VwYXJhdG9yJTIwY29sb3Itc2VwYXJhdG9yJTIyJTNFJTNDJTJGZGl2JTNFJTBBJTIwJTIwJTIwJTIwJTIwJTIwJTIwJTIwJTNDaDMlM0VUZXJlJTIwdHVsZW1hc3QlMjAlM0NzdHJvbmclM0VCYWNraGF1cyUzQyUyRnN0cm9uZyUzRSUzQyUyRmgzJTNFJTBBJTIwJTIwJTIwJTIwJTIwJTIwJTIwJTIwJTNDaDQlM0VLb2h2aWslMkMlMjBwYWdhcmlrb2RhJTJDJTIwYmlzdHJvJTNDJTJGaDQlM0UlMEElMjAlMjAlMjAlMjAlM0MlMkZkaXYlM0UlMEElM0MlMkZkaXYlM0UlMEElM0NkaXYlMjBjbGFzcyUzRCUyMmhlcm8tbGluayUyMiUzRSUwQSUyMCUyMCUyMCUyMCUzQ2ElMjBjbGFzcyUzRCUyMmN1c3RvbS1zY3JvbGwtbGluayUyMiUyMGhyZWYlM0QlMjIlMjNzZWMyJTIyJTNFJTBBJTIwJTIwJTIwJTIwJTIwJTIwJTIwJTIwJTNDaSUyMGNsYXNzJTNEJTIyZmElMjBmYS1hbmdsZS1kb3VibGUtZG93biUyMiUzRSUzQyUyRmklM0UlMEElMjAlMjAlMjAlMjAlM0MlMkZhJTNFJTBBJTNDJTJGZGl2JTNF[\/domik_home_image][\/vc_column][\/vc_row][vc_row cth_layout=&#8221;row_sec&#8221; el_id=&#8221;sec2&#8243; el_class=&#8221;about-section&#8221;][vc_column offset=&#8221;vc_col-md-6&#8243;][lambert_section_title title_text=&#8221;Meist&#8221; subtitle_text=&#8221;&#8221;][\/lambert_section_title][vc_column_text]Backhaus asub Laagna tee 80 \u00dcmera keskuses esimesel korrusel, sissep\u00e4\u00e4s t\u00e4navalt. Klassikalise interj\u00f6\u00f6ri ja s\u00f5braliku personaliga v\u00e4ike ja hubane kohvik. Siin saab mitte ainult maitsvat toitu s\u00fc\u00fca, vaid ka nautida kohapeal valmivaid kondiitritooteid. T\u00f6\u00f6p\u00e4eviti kell 10.00-16.00 on avatud puhvet, teie valikul p\u00e4evapakkumised erihindadega.<\/p>\n<p>Backhaus v\u00f5tab vastu pagaritoode-\u00a0 ja kondiitritoodete tellimusi. T\u00e4itke taotlusvorm hiljemalt 2 p\u00e4eva enne t\u00e4htaega. Meie ise v\u00f5tame\u00a0 teiega \u00fchendust tellimuse t\u00e4psustamiseks.[\/vc_column_text][\/vc_column][vc_column offset=&#8221;vc_col-md-6&#8243;][lambert_owl_carousel_images slider_images=&#8221;3423&#8243; thumbnail_size=&#8221;large&#8221; loop=&#8221;no&#8221; autoplaytimeout=&#8221;1000&#8243; css=&#8221;.vc_custom_1655196789683{margin-top: 35px !important;}&#8221;][\/vc_column][\/vc_row][vc_row cth_layout=&#8221;parallax_sec&#8221; css=&#8221;.vc_custom_1654163976167{background-image: url(https:\/\/backhaus.ee\/wp-content\/uploads\/2022\/06\/IMG_3674-scaled.jpg?id=3382) !important;background-position: center !important;background-repeat: no-repeat !important;background-size: cover !important;}&#8221; el_id=&#8221;sec5&#8243;][vc_column][lambert_section_title title_text=&#8221;Meie men\u00fc\u00fc&#8221; subtitle_text=&#8221;Ainult k\u00f5ige maitsvamad toidud&#8221; sub_decor=&#8221;no&#8221;][\/lambert_section_title][\/vc_column][\/vc_row][vc_row cth_layout=&#8221;triangle_sec&#8221; css=&#8221;.vc_custom_1654078467898{padding-bottom: 0px !important;}&#8221;][vc_column][lambert_parallax_section_title title_text=&#8221;Hommikus\u00f6\u00f6k 10:00-12:00&#8243; subtitle_text=&#8221;&#8221; show_decor=&#8221;no&#8221;][\/lambert_parallax_section_title][lambert_menu cat_ids=&#8221;74&#8243; el_class=&#8221;no-thumb&#8221;][lambert_parallax_section_title title_text=&#8221;Suupisted&#8221; subtitle_text=&#8221;&#8221; show_decor=&#8221;no&#8221;][\/lambert_parallax_section_title][lambert_menu cat_ids=&#8221;80&#8243; el_class=&#8221;no-thumb&#8221;][lambert_parallax_section_title title_text=&#8221;Salatid&#8221; subtitle_text=&#8221;&#8221; show_decor=&#8221;no&#8221;][\/lambert_parallax_section_title][lambert_menu cat_ids=&#8221;76&#8243; el_class=&#8221;no-thumb&#8221;][lambert_parallax_section_title title_text=&#8221;Pannkoogid&#8221; subtitle_text=&#8221;&#8221; show_decor=&#8221;no&#8221;][\/lambert_parallax_section_title][lambert_menu cat_ids=&#8221;75&#8243; el_class=&#8221;no-thumb&#8221;][lambert_parallax_section_title title_text=&#8221;Supid&#8221; subtitle_text=&#8221;&#8221; show_decor=&#8221;no&#8221;][\/lambert_parallax_section_title][lambert_menu cat_ids=&#8221;78&#8243; el_class=&#8221;no-thumb&#8221;][lambert_parallax_section_title title_text=&#8221;Pearoad&#8221; subtitle_text=&#8221;&#8221; show_decor=&#8221;no&#8221;][\/lambert_parallax_section_title][lambert_menu cat_ids=&#8221;77&#8243; el_class=&#8221;no-thumb&#8221;][lambert_parallax_section_title title_text=&#8221;Laste men\u00fc\u00fc&#8221; subtitle_text=&#8221;&#8221; show_decor=&#8221;no&#8221;][\/lambert_parallax_section_title][lambert_menu cat_ids=&#8221;79&#8243; el_class=&#8221;no-thumb&#8221;][lambert_parallax_section_title title_text=&#8221;Joogid&#8221; subtitle_text=&#8221;&#8221; show_decor=&#8221;no&#8221;]<\/p>\n<p style=\"text-align: center;\"><strong>Kohapeal lai valik alkohoolseid ja gaseeritud jooke.<\/strong><\/p>\n<p>[\/lambert_parallax_section_title][lambert_menu cat_ids=&#8221;73&#8243; el_class=&#8221;no-thumb&#8221;][vc_column_text]<\/p>\n<h3 style=\"text-align: center;\">Kohalik men\u00fc\u00fc v\u00f5ib erineda<\/h3>\n<p>[\/vc_column_text][vc_empty_space height=&#8221;50px&#8221;][\/vc_column][\/vc_row][vc_row cth_layout=&#8221;parallax_sec&#8221; css=&#8221;.vc_custom_1655291101839{background-image: url(https:\/\/backhaus.ee\/wp-content\/uploads\/2022\/06\/IMG_3542-scaled.jpg?id=3428) !important;}&#8221; el_id=&#8221;vipechka&#8221;][vc_column][lambert_section_title title_text=&#8221;K\u00fcpsetamine&#8221; subtitle_text=&#8221;&#8221;][\/lambert_section_title][\/vc_column][\/vc_row][vc_row cth_layout=&#8221;triangle_sec&#8221; css=&#8221;.vc_custom_1654078467898{padding-bottom: 0px !important;}&#8221;][vc_column][lambert_parallax_section_title title_text=&#8221;Kondiitritooted&#8221; subtitle_text=&#8221;&#8221; show_decor=&#8221;no&#8221;][\/lambert_parallax_section_title][lambert_menu cat_ids=&#8221;71&#8243;][lambert_parallax_section_title title_text=&#8221;Piirukad&#8221; subtitle_text=&#8221;&#8221; show_decor=&#8221;no&#8221;][\/lambert_parallax_section_title][lambert_menu cat_ids=&#8221;72&#8243;][vc_empty_space height=&#8221;50px&#8221;][\/vc_column][\/vc_row][vc_row cth_layout=&#8221;fullwidth_image_parallax_sec&#8221; parallax_inner=&#8221;3368&#8243; el_id=&#8221;sec3&#8243;][vc_column][vc_row_inner el_class=&#8221;relative&#8221;][vc_column_inner width=&#8221;2\/3&#8243;][lambert_section_title title_text=&#8221;Bistro&#8221; subtitle_text=&#8221;&#8221; el_class=&#8221;brown&#8221;][\/lambert_section_title][\/vc_column_inner][vc_column_inner width=&#8221;1\/3&#8243;][\/vc_column_inner][\/vc_row_inner][vc_row_inner el_class=&#8221;relative&#8221;][vc_column_inner width=&#8221;2\/3&#8243;][vc_column_text el_class=&#8221;parallax-content brown&#8221;]<\/p>\n<div class=\"work-time-text\">\n<p style=\"text-align: center;\"><strong>Bistroo men\u00fc\u00fc: p\u00e4evapakkumised<\/strong><\/p>\n<p style=\"text-align: center;\"><strong>Esmasp\u00e4evast reedeni kell 10:00-16:00<\/strong><\/p>\n<p style=\"text-align: center;\"><strong>Laup\u00e4ev p\u00fchap\u00e4ev suletud<\/strong><\/p>\n<\/div>\n<p>[\/vc_column_text][\/vc_column_inner][vc_column_inner width=&#8221;1\/3&#8243;][\/vc_column_inner][\/vc_row_inner][\/vc_column][\/vc_row][vc_row cth_layout=&#8221;triangle_sec&#8221; el_id=&#8221;sec4&#8243;][vc_column][lambert_section_title title_text=&#8221;Galerii&#8221; subtitle_text=&#8221;&#8221;][\/lambert_section_title][lambert_images_gallery loaded=&#8221;5&#8243; lmore_items=&#8221;5&#8243; columns_grid=&#8221;five&#8221; show_filter=&#8221;no&#8221; galleryimgs=&#8221;3420,3421,3422,3423,3428,3424,3425,3426,3427,3429,3430,3431,3432,3433,3434,3435,3436,3437,3438,3439&#8243;][\/vc_column][\/vc_row][vc_row cth_layout=&#8221;parallax_sec&#8221; css=&#8221;.vc_custom_1655204289025{background-image: url(https:\/\/backhaus.ee\/wp-content\/uploads\/2022\/06\/IMG_3652-scaled.jpg?id=3422) !important;}&#8221; el_id=&#8221;zakaz-title&#8221;][vc_column][lambert_section_title title_text=&#8221;Maiustused tellimisel&#8221; subtitle_text=&#8221;Lubage meil muuta teie fantaasiad reaalsuseks&#8221; sub_decor=&#8221;no&#8221;][\/lambert_section_title][\/vc_column][\/vc_row][vc_row cth_layout=&#8221;triangle_sec&#8221;][vc_column][lambert_section_title title_text=&#8221;&#8221; subtitle_text=&#8221;Tellimuse teave&#8221; sub_decor=&#8221;no&#8221;][\/lambert_section_title][vc_column_text]<\/p>\n<div class=\"inner\">\n<p class=\"no-rep\">Kirjeldage, millised koostisosad peaksid olema ja muud \u00fcksikasjad ja soovid.<\/p>\n<\/div>\n<p>[\/vc_column_text]<div role=\"form\" class=\"wpcf7\" id=\"wpcf7-f3839-o1\" lang=\"et\" dir=\"ltr\">\n<div class=\"screen-reader-response\"><p role=\"status\" aria-live=\"polite\" aria-atomic=\"true\"><\/p> <ul><\/ul><\/div>\n<form action=\"\/et\/wp-json\/wp\/v2\/pages\/3819#wpcf7-f3839-o1\" method=\"post\" class=\"wpcf7-form init\" novalidate=\"novalidate\" data-status=\"init\">\n<div style=\"display: none;\">\n<input type=\"hidden\" name=\"_wpcf7\" value=\"3839\" \/>\n<input type=\"hidden\" name=\"_wpcf7_version\" value=\"5.6\" \/>\n<input type=\"hidden\" name=\"_wpcf7_locale\" value=\"et\" \/>\n<input type=\"hidden\" name=\"_wpcf7_unit_tag\" value=\"wpcf7-f3839-o1\" \/>\n<input type=\"hidden\" name=\"_wpcf7_container_post\" value=\"0\" \/>\n<input type=\"hidden\" name=\"_wpcf7_posted_data_hash\" value=\"\" \/>\n<\/div>\n<div class=\"contact-form-holder\">\n    <div id=\"contact-form\">\n\n<span class=\"wpcf7-form-control-wrap\" data-name=\"name-1\"><input type=\"text\" name=\"name-1\" value=\"\" size=\"40\" class=\"wpcf7-form-control wpcf7-text wpcf7-validates-as-required left-col\" aria-required=\"true\" aria-invalid=\"false\" placeholder=\"Nimi\" \/><\/span>\n\n<span class=\"wpcf7-form-control-wrap\" data-name=\"lastname-2\"><input type=\"text\" name=\"lastname-2\" value=\"\" size=\"40\" class=\"wpcf7-form-control wpcf7-text wpcf7-validates-as-required right-col\" aria-required=\"true\" aria-invalid=\"false\" placeholder=\"Perekonnanmi\" \/><\/span>\n\n<span class=\"wpcf7-form-control-wrap\" data-name=\"firm-3\"><input type=\"text\" name=\"firm-3\" value=\"\" size=\"40\" class=\"wpcf7-form-control wpcf7-text left-col\" aria-invalid=\"false\" placeholder=\"Ettev\u00f5tte nimi (ei ole vajalik)\" \/><\/span>\n\n<span class=\"wpcf7-form-control-wrap\" data-name=\"adres-9\"><input type=\"text\" name=\"adres-9\" value=\"\" size=\"40\" class=\"wpcf7-form-control wpcf7-text right-col\" aria-invalid=\"false\" placeholder=\"Aadress (ei ole vajalik)\" \/><\/span>\n\n<span class=\"wpcf7-form-control-wrap\" data-name=\"tel-4\"><input type=\"text\" name=\"tel-4\" value=\"\" size=\"40\" class=\"wpcf7-form-control wpcf7-text wpcf7-validates-as-required left-col\" aria-required=\"true\" aria-invalid=\"false\" placeholder=\"Telefon\" \/><\/span>\n\n<span class=\"wpcf7-form-control-wrap\" data-name=\"email-5\"><input type=\"email\" name=\"email-5\" value=\"\" size=\"40\" class=\"wpcf7-form-control wpcf7-text wpcf7-email wpcf7-validates-as-required wpcf7-validates-as-email right-col\" aria-required=\"true\" aria-invalid=\"false\" placeholder=\"E-mail\" \/><\/span>\n\n<span class=\"wpcf7-form-control-wrap\" data-name=\"date-6\"><input type=\"text\" name=\"date-6\" value=\"\" size=\"40\" class=\"wpcf7-form-control wpcf7-text wpcf7-validates-as-required walcf7-datetimepicker\" aria-required=\"true\" aria-invalid=\"false\" placeholder=\"Kauba k\u00e4ttesaamise kuup\u00e4ev\" \/><\/span>\n\n<span class=\"wpcf7-form-control-wrap\" data-name=\"your-message-8\"><textarea name=\"your-message-8\" cols=\"40\" rows=\"10\" class=\"wpcf7-form-control wpcf7-textarea wpcf7-validates-as-required\" aria-required=\"true\" aria-invalid=\"false\" placeholder=\"Tellimuse kirjeldus\"><\/textarea><\/span>\n\n<input type=\"submit\" value=\"Saada\" class=\"wpcf7-form-control has-spinner wpcf7-submit\" id=\"submit\" \/>\n\n    <\/div>\n<\/div><div class=\"wpcf7-response-output\" aria-hidden=\"true\"><\/div><\/form><\/div>[\/vc_column][\/vc_row][vc_row cth_layout=&#8221;parallax_sec&#8221; css=&#8221;.vc_custom_1654164041878{background-image: url(https:\/\/backhaus.ee\/wp-content\/uploads\/2022\/06\/IMG_3583-scaled.jpg?id=3435) !important;}&#8221; el_id=&#8221;sec7&#8243;][vc_column][lambert_section_title title_text=&#8221;Meie kontaktid&#8221; subtitle_text=&#8221;Kust meid leida v\u00f5ib&#8221; sub_decor=&#8221;no&#8221;][\/lambert_section_title][\/vc_column][\/vc_row][vc_row cth_layout=&#8221;triangle_sec&#8221;][vc_column][vc_column_text]<\/p>\n<div class=\"inner\">\n<p><strong>Kohvik, kondiitri\u00e4ri<\/strong> E-N 10-20.<\/p>\n<p><span style=\"font-weight: 400;\"><strong>Bistroo<\/strong> E-R 10.00 -16.00. L-P ja p\u00fchad suletud.<\/span><\/p>\n<p><strong>Aadress:<\/strong> Laagna tee 80 ja \u00dcmera 3. \u00dcmera keskuse I korruse juurdeehitus, sissep\u00e4\u00e4s t\u00e4navalt.<\/p>\n<p><span style=\"font-weight: 400;\"><strong>Tel.<\/strong> +372 514 1788<\/span><\/p>\n<p><span style=\"font-weight: 400;\">Backhaus Grupp O\u00dc <\/span><span style=\"font-weight: 400;\">reg.nr<\/span><span style=\"font-weight: 400;\">. 14413125.<\/span><\/p>\n<\/div>\n<p>[\/vc_column_text][\/vc_column][\/vc_row][vc_row full_width=&#8221;stretch_row_content_no_spaces&#8221; el_class=&#8221;fullwidth&#8221; css=&#8221;.vc_custom_1654088682985{margin-top: 0px !important;margin-bottom: 0px !important;}&#8221;][vc_column][vc_gmaps link=&#8221;#E-8_JTNDaWZyYW1lJTIwc3JjJTNEJTIyaHR0cHMlM0ElMkYlMkZ3d3cuZ29vZ2xlLmNvbSUyRm1hcHMlMkZlbWJlZCUzRnBiJTNEJTIxMW0xOCUyMTFtMTIlMjExbTMlMjExZDIwMjguMzQ1OTU2NjU1MTA2NiUyMTJkMjQuODg3MTk3OTE1OTY3Mzc0JTIxM2Q1OS40NDM5ODIxODE2OTkxJTIxMm0zJTIxMWYwJTIxMmYwJTIxM2YwJTIxM20yJTIxMWkxMDI0JTIxMmk3NjglMjE0ZjEzLjElMjEzbTMlMjExbTIlMjExczB4NDY5MmVjZmE3Mjc1MDExYiUyNTNBMHg2ZWMzYmM1YThlNWVmYWY2JTIxMnMlMjVDMyUyNTlDbWVyYSUyNTIwS2Vza3VzJTIxNWUwJTIxM20yJTIxMXNydSUyMTJzZWUlMjE0djE2NTQwOTA4ODEyMDQlMjE1bTIlMjExc3J1JTIxMnNlZSUyMiUyMHdpZHRoJTNEJTIyNjAwJTIyJTIwaGVpZ2h0JTNEJTIyNDUwJTIyJTIwc3R5bGUlM0QlMjJib3JkZXIlM0EwJTNCJTIyJTIwYWxsb3dmdWxsc2NyZWVuJTNEJTIyJTIyJTIwbG9hZGluZyUzRCUyMmxhenklMjIlMjByZWZlcnJlcnBvbGljeSUzRCUyMm5vLXJlZmVycmVyLXdoZW4tZG93bmdyYWRlJTIyJTNFJTNDJTJGaWZyYW1lJTNF&#8221;][\/vc_column][\/vc_row][vc_row cth_layout=&#8221;triangle_sec&#8221;][vc_column][lambert_section_title title_text=&#8221;Kui on k\u00fcsimusi&#8221; subtitle_text=&#8221;Kirjuta meile&#8221;][\/lambert_section_title]<div role=\"form\" class=\"wpcf7\" id=\"wpcf7-f3840-o2\" lang=\"et\" dir=\"ltr\">\n<div class=\"screen-reader-response\"><p role=\"status\" aria-live=\"polite\" aria-atomic=\"true\"><\/p> <ul><\/ul><\/div>\n<form action=\"\/et\/wp-json\/wp\/v2\/pages\/3819#wpcf7-f3840-o2\" method=\"post\" class=\"wpcf7-form init\" novalidate=\"novalidate\" data-status=\"init\">\n<div style=\"display: none;\">\n<input type=\"hidden\" name=\"_wpcf7\" value=\"3840\" \/>\n<input type=\"hidden\" name=\"_wpcf7_version\" value=\"5.6\" \/>\n<input type=\"hidden\" name=\"_wpcf7_locale\" value=\"et\" \/>\n<input type=\"hidden\" name=\"_wpcf7_unit_tag\" value=\"wpcf7-f3840-o2\" \/>\n<input type=\"hidden\" name=\"_wpcf7_container_post\" value=\"0\" \/>\n<input type=\"hidden\" name=\"_wpcf7_posted_data_hash\" value=\"\" \/>\n<\/div>\n<div class=\"contact-form-holder\">\n    <div id=\"contact-form\">\n<span class=\"wpcf7-form-control-wrap\" data-name=\"your-name\"><input type=\"text\" name=\"your-name\" value=\"\" size=\"40\" class=\"wpcf7-form-control wpcf7-text wpcf7-validates-as-required name\" aria-required=\"true\" aria-invalid=\"false\" placeholder=\"Nimi\" \/><\/span><span class=\"wpcf7-form-control-wrap\" data-name=\"your-email\"><input type=\"email\" name=\"your-email\" value=\"\" size=\"40\" class=\"wpcf7-form-control wpcf7-text wpcf7-email wpcf7-validates-as-required wpcf7-validates-as-email email\" aria-required=\"true\" aria-invalid=\"false\" placeholder=\"Email\" \/><\/span><span class=\"wpcf7-form-control-wrap\" data-name=\"your-phone\"><input type=\"text\" name=\"your-phone\" value=\"\" size=\"40\" class=\"wpcf7-form-control wpcf7-text phone\" aria-invalid=\"false\" placeholder=\"Telefon\" \/><\/span><span class=\"wpcf7-form-control-wrap\" data-name=\"your-message\"><textarea name=\"your-message\" cols=\"40\" rows=\"10\" class=\"wpcf7-form-control wpcf7-textarea wpcf7-validates-as-required comments\" aria-required=\"true\" aria-invalid=\"false\" placeholder=\"Kiri\"><\/textarea><\/span><input type=\"submit\" value=\"Saada\" class=\"wpcf7-form-control has-spinner wpcf7-submit\" id=\"submit\" \/>\n   <\/div>\n<\/div><div class=\"wpcf7-response-output\" aria-hidden=\"true\"><\/div><\/form><\/div>[\/vc_column][\/vc_row]<\/p>\n","protected":false},"excerpt":{"rendered":"<p>[vc_row cth_layout=&#8221;hero_sec&#8221; el_id=&#8221;sec1&#8243;][vc_column css=&#8221;.vc_custom_1435153023515{padding-right: 0px !important;padding-left: 0px !important;}&#8221;][domik_home_image bgimg=&#8221;3372&#8243;]JTNDZGl2JTIwY2xhc3MlM0QlMjJoZXJvLXRpdGxlLWhvbGRlciUyMiUzRSUwQSUyMCUyMCUyMCUyMCUzQ2RpdiUyMGNsYXNzJTNEJTIyb3ZlcmxheSUyMiUzRSUzQyUyRmRpdiUzRSUwQSUyMCUyMCUyMCUyMCUzQ2RpdiUyMGNsYXNzJTNEJTIyaGVyby10aXRsZSUyMiUzRSUwQSUyMCUyMCUyMCUyMCUyMCUyMCUyMCUyMCUzQ2RpdiUyMGNsYXNzJTNEJTIyaGVyby1kZWNvciUyMGItZGVjJTIyJTNFJTBBJTIwJTIwJTIwJTIwJTIwJTIwJTIwJTIwJTIwJTIwJTIwJTIwJTNDZGl2JTIwY2xhc3MlM0QlMjJoYWxmLWNpcmNsZSUyMiUzRSUzQyUyRmRpdiUzRSUwQSUyMCUyMCUyMCUyMCUyMCUyMCUyMCUyMCUzQyUyRmRpdiUzRSUwQSUyMCUyMCUyMCUyMCUyMCUyMCUyMCUyMCUzQ2RpdiUyMGNsYXNzJTNEJTIyc2VwYXJhdG9yJTIwY29sb3Itc2VwYXJhdG9yJTIyJTNFJTNDJTJGZGl2JTNFJTBBJTIwJTIwJTIwJTIwJTIwJTIwJTIwJTIwJTNDaDMlM0VUZXJlJTIwdHVsZW1hc3QlMjAlM0NzdHJvbmclM0VCYWNraGF1cyUzQyUyRnN0cm9uZyUzRSUzQyUyRmgzJTNFJTBBJTIwJTIwJTIwJTIwJTIwJTIwJTIwJTIwJTNDaDQlM0VLb2h2aWslMkMlMjBwYWdhcmlrb2RhJTJDJTIwYmlzdHJvJTNDJTJGaDQlM0UlMEElMjAlMjAlMjAlMjAlM0MlMkZkaXYlM0UlMEElM0MlMkZkaXYlM0UlMEElM0NkaXYlMjBjbGFzcyUzRCUyMmhlcm8tbGluayUyMiUzRSUwQSUyMCUyMCUyMCUyMCUzQ2ElMjBjbGFzcyUzRCUyMmN1c3RvbS1zY3JvbGwtbGluayUyMiUyMGhyZWYlM0QlMjIlMjNzZWMyJTIyJTNFJTBBJTIwJTIwJTIwJTIwJTIwJTIwJTIwJTIwJTNDaSUyMGNsYXNzJTNEJTIyZmElMjBmYS1hbmdsZS1kb3VibGUtZG93biUyMiUzRSUzQyUyRmklM0UlMEElMjAlMjAlMjAlMjAlM0MlMkZhJTNFJTBBJTNDJTJGZGl2JTNF[\/domik_home_image][\/vc_column][\/vc_row][vc_row cth_layout=&#8221;row_sec&#8221; el_id=&#8221;sec2&#8243; el_class=&#8221;about-section&#8221;][vc_column offset=&#8221;vc_col-md-6&#8243;][lambert_section_title title_text=&#8221;Meist&#8221; subtitle_text=&#8221;&#8221;][\/lambert_section_title][vc_column_text]Backhaus asub Laagna tee 80 \u00dcmera keskuses esimesel korrusel, sissep\u00e4\u00e4s t\u00e4navalt. Klassikalise interj\u00f6\u00f6ri ja s\u00f5braliku personaliga v\u00e4ike ja hubane kohvik. Siin saab mitte ainult maitsvat toitu s\u00fc\u00fca, vaid ka nautida kohapeal valmivaid kondiitritooteid. T\u00f6\u00f6p\u00e4eviti kell 10.00-16.00 on avatud puhvet, teie valikul&#8230;<\/p>\n","protected":false},"author":1,"featured_media":0,"parent":0,"menu_order":0,"comment_status":"open","ping_status":"closed","template":"homepage-onepage.php","meta":[],"_links":{"self":[{"href":"https:\/\/backhaus.ee\/et\/wp-json\/wp\/v2\/pages\/3819"}],"collection":[{"href":"https:\/\/backhaus.ee\/et\/wp-json\/wp\/v2\/pages"}],"about":[{"href":"https:\/\/backhaus.ee\/et\/wp-json\/wp\/v2\/types\/page"}],"author":[{"embeddable":true,"href":"https:\/\/backhaus.ee\/et\/wp-json\/wp\/v2\/users\/1"}],"replies":[{"embeddable":true,"href":"https:\/\/backhaus.ee\/et\/wp-json\/wp\/v2\/comments?post=3819"}],"version-history":[{"count":6,"href":"https:\/\/backhaus.ee\/et\/wp-json\/wp\/v2\/pages\/3819\/revisions"}],"predecessor-version":[{"id":3857,"href":"https:\/\/backhaus.ee\/et\/wp-json\/wp\/v2\/pages\/3819\/revisions\/3857"}],"wp:attachment":[{"href":"https:\/\/backhaus.ee\/et\/wp-json\/wp\/v2\/media?parent=3819"}],"curies":[{"name":"wp","href":"https:\/\/api.w.org\/{rel}","templated":true}]}}